{"id":971,"date":"2023-11-19T17:16:24","date_gmt":"2023-11-19T22:16:24","guid":{"rendered":"https:\/\/amzimportacion.com\/web\/?post_type=product&#038;p=971"},"modified":"2023-11-19T17:21:37","modified_gmt":"2023-11-19T22:21:37","slug":"controlador-m221-c-ethernet-24-es-de-tipo-rele-14-entradas-digitales-10-salidas-rele","status":"publish","type":"product","link":"https:\/\/amzimportacion.com\/web\/producto\/controlador-m221-c-ethernet-24-es-de-tipo-rele-14-entradas-digitales-10-salidas-rele\/","title":{"rendered":"Controlador M221 c\/ Ethernet 24 ES de tipo rel\u00e9 &#8211; 14 entradas digitales &#8211; 10 salidas rel\u00e9"},"content":{"rendered":"<p>Este producto forma parte de la gama Modicon M221, una oferta de controladores l\u00f3gicos programables para arquitecturas cableadas. Este controlador l\u00f3gico proporciona 14 entradas discretas y 10 salidas ethernet de rel\u00e9 con resoluci\u00f3n de entrada de 10 bits, salida de rel\u00e9 normalmente abierta. Se trata de un controlador l\u00f3gico Modicon con una tensi\u00f3n nominal de alimentaci\u00f3n de 100 V a 240 V CA, una tensi\u00f3n de salida de 5 V a 125 V CC, 5 V a 250 V CA y una corriente de salida de 2 A con l\u00f3gica de entrada de fuente o de sumidero. Este producto requiere una instalaci\u00f3n m\u00ednima y ofrece una enorme versatilidad. Las conexiones integradas son puerto USB con conector mini B USB 2.0, enlace serie no aislado serie 1 con conector RJ45 e interfaz RS232\/RS485 y ethernet con conector RJ45. Se trata de un controlador Modicon M221 con 256kB para aplicaci\u00f3n de usuario y RAM de datos, RAM interna de variables, 256kB de memoria flash incorporada y una capacidad de memoria de tarjeta SD de 2GB. Sus dimensiones son 95 mm (anchura) x 70 mm (profundidad) x 90 mm (altura). Pesa 0,346 kg. Es un producto con clasificaci\u00f3n IP20. Este producto est\u00e1 certificado por CE, IACS E10, RCM, ABS, LR, DNV-GL, CSA, EAC y CULus. Cumple las normas EN\/IEC 60664-1, EN\/IEC 61131-2 y EN\/IEC 61010-2-201. Admite montaje en carril DIN. Consiga un rendimiento de referencia a la vez que aumenta la rentabilidad con Modicon M221 mediante la programaci\u00f3n intuitiva de la m\u00e1quina con EcoStruxure Machine Expert Basic.<\/p>\n","protected":false},"excerpt":{"rendered":"<ul>\n<li>Tarjeta SD y puerto USB.<\/li>\n<li>2 entradas anal\u00f3gicas y una amplia gama de E\/S.<\/li>\n<li>Interruptor de Run\/Stop y cartucho de extensi\u00f3n.<\/li>\n<li>Puertos Ethernet y serie integrados.<\/li>\n<li>Es un producto con clasificaci\u00f3n IP20<\/li>\n<\/ul>\n","protected":false},"featured_media":972,"comment_status":"open","ping_status":"closed","template":"","meta":{"_et_pb_use_builder":"","_et_pb_old_content":"","_et_gb_content_width":"","_joinchat":[]},"product_brand":[],"product_cat":[41],"product_tag":[98,69],"class_list":{"0":"post-971","1":"product","2":"type-product","3":"status-publish","4":"has-post-thumbnail","6":"product_cat-automatizacion-de-maquinas-y-procesos","7":"product_tag-rele","8":"product_tag-schneider","10":"first","11":"instock","12":"shipping-taxable","13":"product-type-simple"},"jetpack_sharing_enabled":true,"_links":{"self":[{"href":"https:\/\/amzimportacion.com\/web\/wp-json\/wp\/v2\/product\/971","targetHints":{"allow":["GET"]}}],"collection":[{"href":"https:\/\/amzimportacion.com\/web\/wp-json\/wp\/v2\/product"}],"about":[{"href":"https:\/\/amzimportacion.com\/web\/wp-json\/wp\/v2\/types\/product"}],"replies":[{"embeddable":true,"href":"https:\/\/amzimportacion.com\/web\/wp-json\/wp\/v2\/comments?post=971"}],"wp:featuredmedia":[{"embeddable":true,"href":"https:\/\/amzimportacion.com\/web\/wp-json\/wp\/v2\/media\/972"}],"wp:attachment":[{"href":"https:\/\/amzimportacion.com\/web\/wp-json\/wp\/v2\/media?parent=971"}],"wp:term":[{"taxonomy":"product_brand","embeddable":true,"href":"https:\/\/amzimportacion.com\/web\/wp-json\/wp\/v2\/product_brand?post=971"},{"taxonomy":"product_cat","embeddable":true,"href":"https:\/\/amzimportacion.com\/web\/wp-json\/wp\/v2\/product_cat?post=971"},{"taxonomy":"product_tag","embeddable":true,"href":"https:\/\/amzimportacion.com\/web\/wp-json\/wp\/v2\/product_tag?post=971"}],"curies":[{"name":"wp","href":"https:\/\/api.w.org\/{rel}","templated":true}]}}