{"id":955,"date":"2023-11-19T15:50:55","date_gmt":"2023-11-19T20:50:55","guid":{"rendered":"https:\/\/amzimportacion.com\/web\/?post_type=product&#038;p=955"},"modified":"2023-11-19T15:58:31","modified_gmt":"2023-11-19T20:58:31","slug":"modulo-de-extension-de-e-s-analogica-4-e-s-24-v-cc-para-zelio-logic","status":"publish","type":"product","link":"https:\/\/amzimportacion.com\/web\/producto\/modulo-de-extension-de-e-s-analogica-4-e-s-24-v-cc-para-zelio-logic\/","title":{"rendered":"m\u00f3dulo de extensi\u00f3n de E\/S anal\u00f3gica &#8211; 4 E S &#8211; 24 V CC &#8211; para Zelio Logic"},"content":{"rendered":"<p>Este producto forma parte de la gama Zelio Logic, una oferta de rel\u00e9s inteligentes para sistemas de automatizaci\u00f3n simples de 10 a 40 E\/S. El m\u00f3dulo de ampliaci\u00f3n de E\/S anal\u00f3gicas proporciona 2 entradas\/salidas. Se trata de un m\u00f3dulo de ampliaci\u00f3n con un rango de salidas anal\u00f3gicas de 0 a 10 V y una corriente de carga m\u00e1xima de 10 mA para salidas anal\u00f3gicas. Proporciona 10 bits en el rango de entrada y 10 bits en el rango de salida. La sonda de temperatura es Pt 100, de 3 cables conforme a IEC 751. Est\u00e1 provisto de un terminal de tornillo para las conexiones el\u00e9ctricas. Es un producto IP20 y IP40. Pesa 0,11kg. Este producto cumple las normas EN\/IEC 61000-4-12, EN\/IEC 61000-4-5, EN\/IEC 61000-4-3, EN\/IEC 61000-4-4 nivel 3, EN\/IEC 61000-4-6 nivel 3, EN\/IEC 61000-4-2 nivel 3, EN\/IEC 60068-2-6 Fc, EN\/IEC 61000-4-11 y EN\/IEC 60068-2-27 Ea. Zelio Logic es f\u00e1cil de seleccionar, instalar y programar, y es adecuado para todas sus aplicaciones. Flexible, ofrece la posibilidad de elegir entre 2 gamas, compactas o modulares, ampliables y 2 lenguajes de programaci\u00f3n (FBD o LADDER). Zelio Logic es f\u00e1cil de usar y ofrece una alternativa real a soluciones basadas en l\u00f3gica cableada o tarjetas espec\u00edficas.<\/p>\n","protected":false},"excerpt":{"rendered":"<ul>\n<li>Programaci\u00f3n simple de escalera, adaptada para no especialistas<\/li>\n<li>M\u00e1s I\/O que el modelo SR2, para aplicaciones m\u00e1s grandes<\/li>\n<li>M\u00e1s I\/O que el modelo SR2, para aplicaciones m\u00e1s grandes<\/li>\n<li>Rendimiento ambiental del producto<\/li>\n<\/ul>\n","protected":false},"featured_media":956,"comment_status":"open","ping_status":"closed","template":"","meta":{"_et_pb_use_builder":"","_et_pb_old_content":"","_et_gb_content_width":"","_joinchat":[]},"product_brand":[],"product_cat":[41],"product_tag":[99,69],"class_list":{"0":"post-955","1":"product","2":"type-product","3":"status-publish","4":"has-post-thumbnail","6":"product_cat-automatizacion-de-maquinas-y-procesos","7":"product_tag-modulo-de-extension","8":"product_tag-schneider","10":"first","11":"instock","12":"shipping-taxable","13":"product-type-simple"},"jetpack_sharing_enabled":true,"_links":{"self":[{"href":"https:\/\/amzimportacion.com\/web\/wp-json\/wp\/v2\/product\/955","targetHints":{"allow":["GET"]}}],"collection":[{"href":"https:\/\/amzimportacion.com\/web\/wp-json\/wp\/v2\/product"}],"about":[{"href":"https:\/\/amzimportacion.com\/web\/wp-json\/wp\/v2\/types\/product"}],"replies":[{"embeddable":true,"href":"https:\/\/amzimportacion.com\/web\/wp-json\/wp\/v2\/comments?post=955"}],"wp:featuredmedia":[{"embeddable":true,"href":"https:\/\/amzimportacion.com\/web\/wp-json\/wp\/v2\/media\/956"}],"wp:attachment":[{"href":"https:\/\/amzimportacion.com\/web\/wp-json\/wp\/v2\/media?parent=955"}],"wp:term":[{"taxonomy":"product_brand","embeddable":true,"href":"https:\/\/amzimportacion.com\/web\/wp-json\/wp\/v2\/product_brand?post=955"},{"taxonomy":"product_cat","embeddable":true,"href":"https:\/\/amzimportacion.com\/web\/wp-json\/wp\/v2\/product_cat?post=955"},{"taxonomy":"product_tag","embeddable":true,"href":"https:\/\/amzimportacion.com\/web\/wp-json\/wp\/v2\/product_tag?post=955"}],"curies":[{"name":"wp","href":"https:\/\/api.w.org\/{rel}","templated":true}]}}