{"id":934,"date":"2023-11-18T08:20:13","date_gmt":"2023-11-18T13:20:13","guid":{"rendered":"https:\/\/amzimportacion.com\/web\/?post_type=product&#038;p=934"},"modified":"2023-11-18T08:27:48","modified_gmt":"2023-11-18T13:27:48","slug":"contactor-tesys-lc1g-225a-440v-3p-ac3-avanzado-200-500v-bobina-ca-cc-copia","status":"publish","type":"product","link":"https:\/\/amzimportacion.com\/web\/producto\/contactor-tesys-lc1g-225a-440v-3p-ac3-avanzado-200-500v-bobina-ca-cc-copia\/","title":{"rendered":"Contactor TeSys LC1G 225A 440V 3P AC3 Avanzado 200-500V bobina CA-CC (copia)"},"content":{"rendered":"<p>El Contactor TeSys D de Schneider Electric es de 3 Polos, compacto y esta dise\u00f1ado para aplicaciones de motor<br \/>\n\u2022 Tiene una bobina de 220V AC 50\/60Hz, corriente nominal de 25A, 2 contactos auxiliares (1NA+1NC)<br \/>\n\u2022 Este Contactor TeSys D de 3 polos esta dise\u00f1ado para aplicaciones de motor de hasta 11kW a 400 V<br \/>\n\u2022 Incluye una bobina de 220V AC 50\/60Hz, corriente nominal de 25A y 2 contactos auxiliares incorporados (1NA + 1NC), gracias a la certificaci\u00f3n de su contacto espejo NC se puede usar en aplicaciones de seguridad<br \/>\n\u2022 Es compacto, de montaje en riel DIN, provee una alta confiabilidad y durabilidad<br \/>\n\u2022 Esta disponible en todo el mundo, cuenta con certificaci\u00f3n de m\u00faltiples est\u00e1ndares (IEC, UL, CSA, CCC, EAC, Marine) y cumple con Green Premium (RoHs \/ Reach)<\/p>\n","protected":false},"excerpt":{"rendered":"<ul>\n<li>Nuevo aspecto moderno de todas las m\u00e1quinas<\/li>\n<li>Dise\u00f1ado para satisfacer los requisitos de las aplicaciones electrodom\u00e9sticos y de HVAC<\/li>\n<li>F\u00e1cil de instalar y operar con tornillos multiest\u00e1ndar<\/li>\n<li>Con el cumplimiento de IEC60335-1, mejor resistencia al fuego y accesorios a prueba de polvo<\/li>\n<li>Experiencia digital del cliente para documentos t\u00e9cnicos<\/li>\n<\/ul>\n","protected":false},"featured_media":935,"comment_status":"open","ping_status":"closed","template":"","meta":{"_et_pb_use_builder":"","_et_pb_old_content":"","_et_gb_content_width":"","_joinchat":[]},"product_brand":[],"product_cat":[96],"product_tag":[97,69],"class_list":{"0":"post-934","1":"product","2":"type-product","3":"status-publish","4":"has-post-thumbnail","6":"product_cat-contactores","7":"product_tag-contactores","8":"product_tag-schneider","10":"first","11":"instock","12":"purchasable","13":"product-type-simple"},"jetpack_sharing_enabled":true,"_links":{"self":[{"href":"https:\/\/amzimportacion.com\/web\/wp-json\/wp\/v2\/product\/934","targetHints":{"allow":["GET"]}}],"collection":[{"href":"https:\/\/amzimportacion.com\/web\/wp-json\/wp\/v2\/product"}],"about":[{"href":"https:\/\/amzimportacion.com\/web\/wp-json\/wp\/v2\/types\/product"}],"replies":[{"embeddable":true,"href":"https:\/\/amzimportacion.com\/web\/wp-json\/wp\/v2\/comments?post=934"}],"wp:featuredmedia":[{"embeddable":true,"href":"https:\/\/amzimportacion.com\/web\/wp-json\/wp\/v2\/media\/935"}],"wp:attachment":[{"href":"https:\/\/amzimportacion.com\/web\/wp-json\/wp\/v2\/media?parent=934"}],"wp:term":[{"taxonomy":"product_brand","embeddable":true,"href":"https:\/\/amzimportacion.com\/web\/wp-json\/wp\/v2\/product_brand?post=934"},{"taxonomy":"product_cat","embeddable":true,"href":"https:\/\/amzimportacion.com\/web\/wp-json\/wp\/v2\/product_cat?post=934"},{"taxonomy":"product_tag","embeddable":true,"href":"https:\/\/amzimportacion.com\/web\/wp-json\/wp\/v2\/product_tag?post=934"}],"curies":[{"name":"wp","href":"https:\/\/api.w.org\/{rel}","templated":true}]}}