{"id":932,"date":"2023-11-18T08:15:34","date_gmt":"2023-11-18T13:15:34","guid":{"rendered":"https:\/\/amzimportacion.com\/web\/?post_type=product&#038;p=932"},"modified":"2023-11-18T08:19:47","modified_gmt":"2023-11-18T13:19:47","slug":"contactor-tesys-lc1g-225a-440v-3p-ac3-avanzado-200-500v-bobina-ca-cc","status":"publish","type":"product","link":"https:\/\/amzimportacion.com\/web\/producto\/contactor-tesys-lc1g-225a-440v-3p-ac3-avanzado-200-500v-bobina-ca-cc\/","title":{"rendered":"Contactor TeSys LC1G 225A 440V 3P AC3 Avanzado 200-500V bobina CA-CC"},"content":{"rendered":"<p>Contactor de alta potencia TeSys Giga, 3 polos (3 NA) para aplicaciones de categor\u00eda AC-3 de hasta 225 A 132kW@440V. Proporciona una bobina electr\u00f3nica de bajo consumo de banda ancha de 200-500 V CA\/CC, control de salida del PLC y un bloque de contacto auxiliar de alta confiabilidad 1NO+1NC integrado (17V 1mA). Dise\u00f1ado para aplicaciones exigentes con tasas m\u00e1ximas de operaci\u00f3n de hasta 600 ciclos por hora y entornos hasta 60\u00b0C. Proporciona una alta confiabilidad y durabilidad con una durabilidad mec\u00e1nica de 5 ciclos. Diagn\u00f3stico de desgaste de contacto local y remoto (CWD) como funci\u00f3n est\u00e1ndar, monitoreo continuo con indicadores saludables y de alarma. Es posible reemplazar el m\u00f3dulo de conmutaci\u00f3n (contactos principales), mejorando la vida \u00fatil del contactor. El contactor puede fijarse en todos los cuadrantes, sin retirar los cables\/barras de conducci\u00f3n, y el OLR puede montarse directamente debajo del contactor. Se debe utilizar con la conexi\u00f3n de alimentaci\u00f3n mediante conexi\u00f3n atornillada con kit de memoria de cable y conexiones de control por terminales de resorte, accesibles desde la parte frontal para un reemplazo f\u00e1cil y r\u00e1pido. Proporciona protecci\u00f3n IP2x en la cara frontal con cubiertas de acuerdo con IEC 60529 y VDE 0106. Puede cubrir una temperatura ambiente de funcionamiento de -25\u00b0C a 60\u00b0C y puede montarse directamente en la placa, sin degradaci\u00f3n de hasta 3000 m de altitud. (D). Su tama\u00f1o es 255mm x 108mm x 175mm (H x An. x Prof.) y permite ahorrar espacio en el panel. Certificaci\u00f3n de varios est\u00e1ndares (CE,CB,CCC,cULus,EAC,KC,RCM,Marine) y cumplimiento de Green Premium (RoHs\/Reach). El c\u00f3digo QR exclusivo proporciona acceso r\u00e1pido a todos los datos del producto.<\/p>\n","protected":false},"excerpt":{"rendered":"<ul>\n<li>Menos n\u00famero de referencias, simple de seleccionar, elegir significa menos inventario<\/li>\n<li>Bobina dise\u00f1ada para un menor consumo de energ\u00eda y un ancho de banda de tensi\u00f3n m\u00e1s amplio<\/li>\n<li>Funci\u00f3n de diagn\u00f3stico de desgaste de contactos avanzado local y remoto para un mantenimiento predictivo<\/li>\n<li>Soluciones de control robustas para aplicaciones AC-3 de hasta 800 A (450kW) y aplicaciones AC-1 de hasta 1050 A<br \/>\nC\u00f3digo QR \u00fanico, acceso r\u00e1pido a datos completos del producto, video t\u00e9cnico, verificaci\u00f3n anti-falsa<br \/>\nRendimiento ambiental del producto<\/li>\n<\/ul>\n","protected":false},"featured_media":933,"comment_status":"open","ping_status":"closed","template":"","meta":{"_et_pb_use_builder":"","_et_pb_old_content":"","_et_gb_content_width":"","_joinchat":[]},"product_brand":[],"product_cat":[96],"product_tag":[97,69],"class_list":{"0":"post-932","1":"product","2":"type-product","3":"status-publish","4":"has-post-thumbnail","6":"product_cat-contactores","7":"product_tag-contactores","8":"product_tag-schneider","10":"first","11":"instock","12":"purchasable","13":"product-type-simple"},"jetpack_sharing_enabled":true,"_links":{"self":[{"href":"https:\/\/amzimportacion.com\/web\/wp-json\/wp\/v2\/product\/932","targetHints":{"allow":["GET"]}}],"collection":[{"href":"https:\/\/amzimportacion.com\/web\/wp-json\/wp\/v2\/product"}],"about":[{"href":"https:\/\/amzimportacion.com\/web\/wp-json\/wp\/v2\/types\/product"}],"replies":[{"embeddable":true,"href":"https:\/\/amzimportacion.com\/web\/wp-json\/wp\/v2\/comments?post=932"}],"wp:featuredmedia":[{"embeddable":true,"href":"https:\/\/amzimportacion.com\/web\/wp-json\/wp\/v2\/media\/933"}],"wp:attachment":[{"href":"https:\/\/amzimportacion.com\/web\/wp-json\/wp\/v2\/media?parent=932"}],"wp:term":[{"taxonomy":"product_brand","embeddable":true,"href":"https:\/\/amzimportacion.com\/web\/wp-json\/wp\/v2\/product_brand?post=932"},{"taxonomy":"product_cat","embeddable":true,"href":"https:\/\/amzimportacion.com\/web\/wp-json\/wp\/v2\/product_cat?post=932"},{"taxonomy":"product_tag","embeddable":true,"href":"https:\/\/amzimportacion.com\/web\/wp-json\/wp\/v2\/product_tag?post=932"}],"curies":[{"name":"wp","href":"https:\/\/api.w.org\/{rel}","templated":true}]}}