{"id":931,"date":"2023-11-18T08:13:34","date_gmt":"2023-11-18T13:13:34","guid":{"rendered":"https:\/\/amzimportacion.com\/web\/?post_type=product&#038;p=931"},"modified":"2023-11-18T08:14:27","modified_gmt":"2023-11-18T13:14:27","slug":"contactor-tesys-d-3p-ac-3-440v-150a-bobina-220-vac","status":"publish","type":"product","link":"https:\/\/amzimportacion.com\/web\/producto\/contactor-tesys-d-3p-ac-3-440v-150a-bobina-220-vac\/","title":{"rendered":"Contactor TeSys D 3P AC-3 440V 150A Bobina 220 VAC"},"content":{"rendered":"<p>Contactor TeSys Deca 3 polos para aplicaciones de control de motores de hasta 115A\/1000V AC-3 (55kW@4V). Bobina de CA de 11V 5\/6Hz con m\u00f3dulo supresor transitorio, contactos auxiliares incorporados 1NO+1NC, conexi\u00f3n de alimentaci\u00f3n por conectores de borne atornillado 2 entradas, conexi\u00f3n de control por terminales de borne atornillado. Para velocidades de operaci\u00f3n hasta 2400 ciclos\/hora y ambientes hasta 60\u00b0C, obtiene alta confiabilidad y durabilidad. Compacto (120mm de ancho), montado en 2 rieles DIN o fijaci\u00f3n al tornillo. Certificaci\u00f3n de est\u00e1ndares m\u00faltiples (IEC, UL, CSA, CCC, EAC, Marine), cumplimiento de Green Premium (RoHS\/REACh).<\/p>\n","protected":false},"excerpt":{"rendered":"<ul>\n<li>Larga duraci\u00f3n con alta velocidad de funcionamiento<\/li>\n<li>Performance confiable en entornos de alto nivel<\/li>\n<li>Producto Green Premium<\/li>\n<li>La certificaci\u00f3n de m\u00faltiples est\u00e1ndares permite una amplia gama de aplicaciones<\/li>\n<li>F\u00e1cil instalaci\u00f3n y mantenimiento con un dise\u00f1o compacto<\/li>\n<li>Rendimiento ambiental del producto<\/li>\n<\/ul>\n","protected":false},"featured_media":930,"comment_status":"open","ping_status":"closed","template":"","meta":{"_et_pb_use_builder":"","_et_pb_old_content":"","_et_gb_content_width":"","_joinchat":[]},"product_brand":[],"product_cat":[96],"product_tag":[97,69],"class_list":{"0":"post-931","1":"product","2":"type-product","3":"status-publish","4":"has-post-thumbnail","6":"product_cat-contactores","7":"product_tag-contactores","8":"product_tag-schneider","10":"first","11":"instock","12":"purchasable","13":"product-type-simple"},"jetpack_sharing_enabled":true,"_links":{"self":[{"href":"https:\/\/amzimportacion.com\/web\/wp-json\/wp\/v2\/product\/931","targetHints":{"allow":["GET"]}}],"collection":[{"href":"https:\/\/amzimportacion.com\/web\/wp-json\/wp\/v2\/product"}],"about":[{"href":"https:\/\/amzimportacion.com\/web\/wp-json\/wp\/v2\/types\/product"}],"replies":[{"embeddable":true,"href":"https:\/\/amzimportacion.com\/web\/wp-json\/wp\/v2\/comments?post=931"}],"wp:featuredmedia":[{"embeddable":true,"href":"https:\/\/amzimportacion.com\/web\/wp-json\/wp\/v2\/media\/930"}],"wp:attachment":[{"href":"https:\/\/amzimportacion.com\/web\/wp-json\/wp\/v2\/media?parent=931"}],"wp:term":[{"taxonomy":"product_brand","embeddable":true,"href":"https:\/\/amzimportacion.com\/web\/wp-json\/wp\/v2\/product_brand?post=931"},{"taxonomy":"product_cat","embeddable":true,"href":"https:\/\/amzimportacion.com\/web\/wp-json\/wp\/v2\/product_cat?post=931"},{"taxonomy":"product_tag","embeddable":true,"href":"https:\/\/amzimportacion.com\/web\/wp-json\/wp\/v2\/product_tag?post=931"}],"curies":[{"name":"wp","href":"https:\/\/api.w.org\/{rel}","templated":true}]}}