{"id":924,"date":"2023-11-18T08:01:22","date_gmt":"2023-11-18T13:01:22","guid":{"rendered":"https:\/\/amzimportacion.com\/web\/?post_type=product&#038;p=924"},"modified":"2023-11-18T08:03:44","modified_gmt":"2023-11-18T13:03:44","slug":"contactor-tesys-d-3p-ac-3-440v-40a-bobina-220-vac","status":"publish","type":"product","link":"https:\/\/amzimportacion.com\/web\/producto\/contactor-tesys-d-3p-ac-3-440v-40a-bobina-220-vac\/","title":{"rendered":"Contactor TeSys D 3P AC-3 440V 40A Bobina 220 VAC"},"content":{"rendered":"<p>Contactor TeSys D, 3 polos (3NA) para aplicaciones de control de motor de hasta 32A\/690V AC-3\/3e (15kW@4V). Proporciona una bobina de CA de 220V 50\/60Hz, contactos auxiliares integrados 1NO+1NC (certificado para espejo NC), conexi\u00f3n por terminales de borne atornillado. Para velocidades de operaci\u00f3n hasta 3600 ciclos\/hora y ambientes hasta 60\u00b0C, obtiene alta confiabilidad y durabilidad. Compacto (45mm de ancho), montaje en riel DIN o fijaci\u00f3n al tornillo. Certificaci\u00f3n de est\u00e1ndares m\u00faltiples (IEC, UL, CSA, CCC, EAC, Marine), cumplimiento de Green Premium (RoHS\/REACh).<\/p>\n","protected":false},"excerpt":{"rendered":"<ul>\n<li>Nuevo aspecto moderno de todas las m\u00e1quinas<\/li>\n<li>Dise\u00f1ado para satisfacer los requisitos de las aplicaciones electrodom\u00e9sticos y de HVAC<\/li>\n<li>F\u00e1cil de instalar y operar con tornillos multiest\u00e1ndar<\/li>\n<li>Con el cumplimiento de IEC60335-1, mejor resistencia al fuego y accesorios a prueba de polvo<\/li>\n<li>Experiencia digital del cliente para documentos t\u00e9cnicos<\/li>\n<\/ul>\n","protected":false},"featured_media":925,"comment_status":"open","ping_status":"closed","template":"","meta":{"_et_pb_use_builder":"","_et_pb_old_content":"","_et_gb_content_width":"","_joinchat":[]},"product_brand":[],"product_cat":[96],"product_tag":[97,69],"class_list":{"0":"post-924","1":"product","2":"type-product","3":"status-publish","4":"has-post-thumbnail","6":"product_cat-contactores","7":"product_tag-contactores","8":"product_tag-schneider","10":"first","11":"instock","12":"purchasable","13":"product-type-simple"},"jetpack_sharing_enabled":true,"_links":{"self":[{"href":"https:\/\/amzimportacion.com\/web\/wp-json\/wp\/v2\/product\/924","targetHints":{"allow":["GET"]}}],"collection":[{"href":"https:\/\/amzimportacion.com\/web\/wp-json\/wp\/v2\/product"}],"about":[{"href":"https:\/\/amzimportacion.com\/web\/wp-json\/wp\/v2\/types\/product"}],"replies":[{"embeddable":true,"href":"https:\/\/amzimportacion.com\/web\/wp-json\/wp\/v2\/comments?post=924"}],"wp:featuredmedia":[{"embeddable":true,"href":"https:\/\/amzimportacion.com\/web\/wp-json\/wp\/v2\/media\/925"}],"wp:attachment":[{"href":"https:\/\/amzimportacion.com\/web\/wp-json\/wp\/v2\/media?parent=924"}],"wp:term":[{"taxonomy":"product_brand","embeddable":true,"href":"https:\/\/amzimportacion.com\/web\/wp-json\/wp\/v2\/product_brand?post=924"},{"taxonomy":"product_cat","embeddable":true,"href":"https:\/\/amzimportacion.com\/web\/wp-json\/wp\/v2\/product_cat?post=924"},{"taxonomy":"product_tag","embeddable":true,"href":"https:\/\/amzimportacion.com\/web\/wp-json\/wp\/v2\/product_tag?post=924"}],"curies":[{"name":"wp","href":"https:\/\/api.w.org\/{rel}","templated":true}]}}