{"id":917,"date":"2023-11-18T07:41:35","date_gmt":"2023-11-18T12:41:35","guid":{"rendered":"https:\/\/amzimportacion.com\/web\/?post_type=product&#038;p=917"},"modified":"2023-11-18T07:56:59","modified_gmt":"2023-11-18T12:56:59","slug":"contactor-de-fza-9a-25a-3p-bob-220vac-1na1nc-lc1d09m7-schneider-electric","status":"publish","type":"product","link":"https:\/\/amzimportacion.com\/web\/producto\/contactor-de-fza-9a-25a-3p-bob-220vac-1na1nc-lc1d09m7-schneider-electric\/","title":{"rendered":"CONTACTOR DE FZA. 9A\/25A 3P BOB. 220VAC 1NA+1NC, LC1D09M7, SCHNEIDER-ELECTRIC"},"content":{"rendered":"<p>Contactor TeSys D, 3 polos (3 NA), para aplicaciones de control de motores de hasta 9 A\/690 V CA-3\/3e (4kW@400V). Proporciona una bobina de CA de 220V 50\/60Hz, contactos auxiliares integrados 1NO+1NC (certificado para espejo NC), conexi\u00f3n por terminales de borne atornillado. Para velocidades de operaci\u00f3n hasta 3600 ciclos\/hora y entornos hasta 60\u00b0C, proporciona alta confiabilidad y durabilidad a aplicaciones exigentes. Compacto (45mm de ancho), montaje en riel DIN o fijaci\u00f3n al tornillo. Certificaci\u00f3n de est\u00e1ndares m\u00faltiples (IEC, UL, CSA, CCC, EAC, Marine), cumplimiento de Green Premium (RoHS\/REACh).<\/p>\n","protected":false},"excerpt":{"rendered":"<ul>\n<li>Nuevo aspecto moderno de todas las m\u00e1quinas<\/li>\n<li>Dise\u00f1ado para satisfacer los requisitos de las aplicaciones electrodom\u00e9sticos y de HVAC<\/li>\n<li>F\u00e1cil de instalar y operar con tornillos multiest\u00e1ndar<\/li>\n<li>Con el cumplimiento de IEC60335-1, mejor resistencia al fuego y accesorios a prueba de polvo<\/li>\n<li>Experiencia digital del cliente para documentos t\u00e9cnicos<\/li>\n<li>Rendimiento ambiental del producto<\/li>\n<\/ul>\n","protected":false},"featured_media":918,"comment_status":"open","ping_status":"closed","template":"","meta":{"_et_pb_use_builder":"","_et_pb_old_content":"","_et_gb_content_width":"","_joinchat":[]},"product_brand":[],"product_cat":[96],"product_tag":[97,69],"class_list":{"0":"post-917","1":"product","2":"type-product","3":"status-publish","4":"has-post-thumbnail","6":"product_cat-contactores","7":"product_tag-contactores","8":"product_tag-schneider","10":"first","11":"instock","12":"purchasable","13":"product-type-simple"},"jetpack_sharing_enabled":true,"_links":{"self":[{"href":"https:\/\/amzimportacion.com\/web\/wp-json\/wp\/v2\/product\/917","targetHints":{"allow":["GET"]}}],"collection":[{"href":"https:\/\/amzimportacion.com\/web\/wp-json\/wp\/v2\/product"}],"about":[{"href":"https:\/\/amzimportacion.com\/web\/wp-json\/wp\/v2\/types\/product"}],"replies":[{"embeddable":true,"href":"https:\/\/amzimportacion.com\/web\/wp-json\/wp\/v2\/comments?post=917"}],"wp:featuredmedia":[{"embeddable":true,"href":"https:\/\/amzimportacion.com\/web\/wp-json\/wp\/v2\/media\/918"}],"wp:attachment":[{"href":"https:\/\/amzimportacion.com\/web\/wp-json\/wp\/v2\/media?parent=917"}],"wp:term":[{"taxonomy":"product_brand","embeddable":true,"href":"https:\/\/amzimportacion.com\/web\/wp-json\/wp\/v2\/product_brand?post=917"},{"taxonomy":"product_cat","embeddable":true,"href":"https:\/\/amzimportacion.com\/web\/wp-json\/wp\/v2\/product_cat?post=917"},{"taxonomy":"product_tag","embeddable":true,"href":"https:\/\/amzimportacion.com\/web\/wp-json\/wp\/v2\/product_tag?post=917"}],"curies":[{"name":"wp","href":"https:\/\/api.w.org\/{rel}","templated":true}]}}