{"id":873,"date":"2023-11-15T22:24:07","date_gmt":"2023-11-16T03:24:07","guid":{"rendered":"https:\/\/amzimportacion.com\/web\/?post_type=product&#038;p=873"},"modified":"2023-11-15T22:24:45","modified_gmt":"2023-11-16T03:24:45","slug":"interruptor-automatico-compact-ns800h-micrologic-2-0-fijo-manual-800-a-3p3d","status":"publish","type":"product","link":"https:\/\/amzimportacion.com\/web\/producto\/interruptor-automatico-compact-ns800h-micrologic-2-0-fijo-manual-800-a-3p3d\/","title":{"rendered":"Interruptor Autom\u00e1tico ComPact NS800H &#8211; MicroLogic 2.0 &#8211; Fijo &#8211; Manual- 800 A &#8211; 3P3D"},"content":{"rendered":"<p>Interruptor Autom\u00e1tico ComPact NS800H &#8211; MicroLogic 2.0 &#8211; Fijo &#8211; Manual- 800 A &#8211; 3P3D<\/p>\n","protected":false},"excerpt":{"rendered":"<div class=\"bullet-item bullet-item--enabled sc-pes-bullet-points\">\n<p>Interruptor Autom\u00e1tico ComPact NS800H &#8211; MicroLogic 2.0 &#8211; Fijo &#8211; Manual- 800 A &#8211; 3P3D<\/p>\n<ul>\n<li>Estilo de firma ecol\u00f3gica Schneider Electric para toda la gama ComPacT<\/li>\n<li>Reducci\u00f3n estimada del 40 % del tiempo de cableado para fabricantes de tableros<\/li>\n<li>Disfruta de una instalaci\u00f3n m\u00e1s f\u00e1cil gracias a un nuevo dise\u00f1o ergon\u00f3mico de placas frontales<\/li>\n<li>Aseg\u00farate de que todos los auxiliares est\u00e9n en el lugar correcto y comprueba que tienes la bobina nominal correcta.<\/li>\n<li>Nueva palanca ergon\u00f3mica para facilitar el funcionamiento manual del interruptor<\/li>\n<li>Rendimiento ambiental del producto<\/li>\n<\/ul>\n<\/div>\n","protected":false},"featured_media":940,"comment_status":"open","ping_status":"closed","template":"","meta":{"_et_pb_use_builder":"","_et_pb_old_content":"","_et_gb_content_width":"","_joinchat":[]},"product_brand":[],"product_cat":[30],"product_tag":[69],"class_list":{"0":"post-873","1":"product","2":"type-product","3":"status-publish","4":"has-post-thumbnail","6":"product_cat-interuptores","7":"product_tag-schneider","9":"first","10":"instock","11":"purchasable","12":"product-type-simple"},"jetpack_sharing_enabled":true,"_links":{"self":[{"href":"https:\/\/amzimportacion.com\/web\/wp-json\/wp\/v2\/product\/873","targetHints":{"allow":["GET"]}}],"collection":[{"href":"https:\/\/amzimportacion.com\/web\/wp-json\/wp\/v2\/product"}],"about":[{"href":"https:\/\/amzimportacion.com\/web\/wp-json\/wp\/v2\/types\/product"}],"replies":[{"embeddable":true,"href":"https:\/\/amzimportacion.com\/web\/wp-json\/wp\/v2\/comments?post=873"}],"wp:featuredmedia":[{"embeddable":true,"href":"https:\/\/amzimportacion.com\/web\/wp-json\/wp\/v2\/media\/940"}],"wp:attachment":[{"href":"https:\/\/amzimportacion.com\/web\/wp-json\/wp\/v2\/media?parent=873"}],"wp:term":[{"taxonomy":"product_brand","embeddable":true,"href":"https:\/\/amzimportacion.com\/web\/wp-json\/wp\/v2\/product_brand?post=873"},{"taxonomy":"product_cat","embeddable":true,"href":"https:\/\/amzimportacion.com\/web\/wp-json\/wp\/v2\/product_cat?post=873"},{"taxonomy":"product_tag","embeddable":true,"href":"https:\/\/amzimportacion.com\/web\/wp-json\/wp\/v2\/product_tag?post=873"}],"curies":[{"name":"wp","href":"https:\/\/api.w.org\/{rel}","templated":true}]}}