{"id":790,"date":"2023-11-15T20:21:19","date_gmt":"2023-11-16T01:21:19","guid":{"rendered":"https:\/\/amzimportacion.com\/web\/?post_type=product&#038;p=790"},"modified":"2023-11-15T20:22:30","modified_gmt":"2023-11-16T01:22:30","slug":"convertidor-de-frecuencia-con-control-vectorial-160-kw-304-a-380-480-v-control-pid-ip21","status":"publish","type":"product","link":"https:\/\/amzimportacion.com\/web\/producto\/convertidor-de-frecuencia-con-control-vectorial-160-kw-304-a-380-480-v-control-pid-ip21\/","title":{"rendered":"Convertidor de frecuencia con control vectorial, 160 kW, 304 A, 380-480 V, control PID, IP21"},"content":{"rendered":"<p>CARACTER\u00cdSTICAS T\u00c9CNICAS<br \/>\n\ud835\udfcf.- Uso de procesador digital DSP como n\u00facleo de la unidad de control para lograr un control de alta velocidad y alto rendimiento.<br \/>\n\ud835\udfd0.- Autoaprendizaje de par\u00e1metros del motor, ajuste inteligente al modelo de control \u00f3ptimo.<br \/>\n\ud835\udfd1.- M\u00f3dulo IPM de alto rendimiento, funci\u00f3n de protecci\u00f3n como bajo voltaje, sobrecorriente, sobretemperatura, cortocircuito a tierra, etc.<br \/>\n\ud835\udfd2.- El dise\u00f1o EMC \u00fanico que minimiza la contaminaci\u00f3n de la energ\u00eda.<br \/>\n5.- Reactancia de autoinductancia variable para reducci\u00f3n de arm\u00f3nicos.<br \/>\n6.-Tarjetas electr\u00f3nicas completamente barnizadas.<\/p>\n","protected":false},"excerpt":{"rendered":"<p>MAX550 motor PMSM especial,<br \/>\nvariador de frecuencia para compresores PMSM, excelente control de velocidad y control de presi\u00f3n, ahorra energ\u00eda y ahorra costos.<\/p>\n","protected":false},"featured_media":772,"comment_status":"open","ping_status":"closed","template":"","meta":{"_et_pb_use_builder":"","_et_pb_old_content":"","_et_gb_content_width":"","_joinchat":[]},"product_brand":[],"product_cat":[78],"product_tag":[93],"class_list":{"0":"post-790","1":"product","2":"type-product","3":"status-publish","4":"has-post-thumbnail","6":"product_cat-variadores-inomax","7":"product_tag-variador-inomax-550","9":"first","10":"instock","11":"shipping-taxable","12":"product-type-simple"},"jetpack_sharing_enabled":true,"_links":{"self":[{"href":"https:\/\/amzimportacion.com\/web\/wp-json\/wp\/v2\/product\/790","targetHints":{"allow":["GET"]}}],"collection":[{"href":"https:\/\/amzimportacion.com\/web\/wp-json\/wp\/v2\/product"}],"about":[{"href":"https:\/\/amzimportacion.com\/web\/wp-json\/wp\/v2\/types\/product"}],"replies":[{"embeddable":true,"href":"https:\/\/amzimportacion.com\/web\/wp-json\/wp\/v2\/comments?post=790"}],"wp:featuredmedia":[{"embeddable":true,"href":"https:\/\/amzimportacion.com\/web\/wp-json\/wp\/v2\/media\/772"}],"wp:attachment":[{"href":"https:\/\/amzimportacion.com\/web\/wp-json\/wp\/v2\/media?parent=790"}],"wp:term":[{"taxonomy":"product_brand","embeddable":true,"href":"https:\/\/amzimportacion.com\/web\/wp-json\/wp\/v2\/product_brand?post=790"},{"taxonomy":"product_cat","embeddable":true,"href":"https:\/\/amzimportacion.com\/web\/wp-json\/wp\/v2\/product_cat?post=790"},{"taxonomy":"product_tag","embeddable":true,"href":"https:\/\/amzimportacion.com\/web\/wp-json\/wp\/v2\/product_tag?post=790"}],"curies":[{"name":"wp","href":"https:\/\/api.w.org\/{rel}","templated":true}]}}