{"id":699,"date":"2023-11-14T13:44:57","date_gmt":"2023-11-14T18:44:57","guid":{"rendered":"https:\/\/amzimportacion.com\/web\/?post_type=product&#038;p=699"},"modified":"2023-11-19T14:24:49","modified_gmt":"2023-11-19T19:24:49","slug":"sr2b121bd-rele-inteligente-compacto-zelio-logic-12-e-s-24-v-cc-8-entradas-4-salidas-con-reloj-visor","status":"publish","type":"product","link":"https:\/\/amzimportacion.com\/web\/producto\/sr2b121bd-rele-inteligente-compacto-zelio-logic-12-e-s-24-v-cc-8-entradas-4-salidas-con-reloj-visor\/","title":{"rendered":"Rel\u00e9 inteligente compacto Zelio Logic &#8211; 12 E S &#8211; 24 V CC \u2013 8 entradas &#8211; 4 salidas &#8211; con reloj &#8212; visor"},"content":{"rendered":"<div class=\"bullet-item bullet-item--enabled sc-pes-bullet-points\">\n<div class=\"bullet-item__label sc-pes-bullet-points\">Programaci\u00f3n simple de escalera, adaptada para no especialistas<\/div>\n<\/div>\n<div class=\"bullet-item bullet-item--enabled sc-pes-bullet-points\" data-da-autotest-id=\"#sustainability\">\n<div class=\"bullet-item__icon sc-pes-bullet-points\">\n<div class=\"wrapper icon-family no-hover\"><\/div>\n<\/div>\n<div class=\"bullet-item__label sc-pes-bullet-points\">Rendimiento ambiental del producto, Rel\u00e9 inteligente compacto Zelio Logic<\/div>\n<\/div>\n","protected":false},"excerpt":{"rendered":"<div class=\"bullet-item bullet-item--enabled sc-pes-bullet-points\">\n<p>Este controlador programable\/de rel\u00e9 inteligente compacto Zelio Logic SR2 utiliza una tensi\u00f3n de alimentaci\u00f3n de 24 V de corriente continua. Cuenta con 12 entradas\/salidas con terminales de borne atornillado, cuenta con reloj integrado y pantalla LCD. Tiene un dise\u00f1o compacto que permite instalarla en riel DIN. Tambi\u00e9n ofrece una programaci\u00f3n, visualizaci\u00f3n y diagn\u00f3stico sencillos de los botones de visualizaci\u00f3n y navegaci\u00f3n incorrectos. Su simple programaci\u00f3n de escalera lo hace adaptado para no especialistas.<\/p>\n<ul>\n<li>Programaci\u00f3n simple de escalera, adaptada para no especialistas<\/li>\n<li>Rendimiento ambiental del producto<\/li>\n<\/ul>\n<\/div>\n","protected":false},"featured_media":700,"comment_status":"open","ping_status":"closed","template":"","meta":{"_et_pb_use_builder":"","_et_pb_old_content":"","_et_gb_content_width":"","_joinchat":[]},"product_brand":[],"product_cat":[41],"product_tag":[69],"class_list":{"0":"post-699","1":"product","2":"type-product","3":"status-publish","4":"has-post-thumbnail","6":"product_cat-automatizacion-de-maquinas-y-procesos","7":"product_tag-schneider","9":"first","10":"instock","11":"shipping-taxable","12":"product-type-simple"},"jetpack_sharing_enabled":true,"_links":{"self":[{"href":"https:\/\/amzimportacion.com\/web\/wp-json\/wp\/v2\/product\/699","targetHints":{"allow":["GET"]}}],"collection":[{"href":"https:\/\/amzimportacion.com\/web\/wp-json\/wp\/v2\/product"}],"about":[{"href":"https:\/\/amzimportacion.com\/web\/wp-json\/wp\/v2\/types\/product"}],"replies":[{"embeddable":true,"href":"https:\/\/amzimportacion.com\/web\/wp-json\/wp\/v2\/comments?post=699"}],"wp:featuredmedia":[{"embeddable":true,"href":"https:\/\/amzimportacion.com\/web\/wp-json\/wp\/v2\/media\/700"}],"wp:attachment":[{"href":"https:\/\/amzimportacion.com\/web\/wp-json\/wp\/v2\/media?parent=699"}],"wp:term":[{"taxonomy":"product_brand","embeddable":true,"href":"https:\/\/amzimportacion.com\/web\/wp-json\/wp\/v2\/product_brand?post=699"},{"taxonomy":"product_cat","embeddable":true,"href":"https:\/\/amzimportacion.com\/web\/wp-json\/wp\/v2\/product_cat?post=699"},{"taxonomy":"product_tag","embeddable":true,"href":"https:\/\/amzimportacion.com\/web\/wp-json\/wp\/v2\/product_tag?post=699"}],"curies":[{"name":"wp","href":"https:\/\/api.w.org\/{rel}","templated":true}]}}