{"id":679,"date":"2023-11-14T13:03:25","date_gmt":"2023-11-14T18:03:25","guid":{"rendered":"https:\/\/amzimportacion.com\/web\/?post_type=product&#038;p=679"},"modified":"2023-11-14T13:04:50","modified_gmt":"2023-11-14T18:04:50","slug":"variador-de-velocidad-altivar-machine-atv320-1-1-kw-380-500-v-3-fasess-compacto","status":"publish","type":"product","link":"https:\/\/amzimportacion.com\/web\/producto\/variador-de-velocidad-altivar-machine-atv320-1-1-kw-380-500-v-3-fasess-compacto\/","title":{"rendered":"Variador de velocidad, Altivar Machine ATV320, 1.1 kW, 380&#8230;500 V, 3 fasess, compacto"},"content":{"rendered":"<p>Este variador de velocidad Altivar 320 puede alimentar motores as\u00edncronos y s\u00edncronos de 3 fases. Su factor de forma compacto permite apilar verticalmente los variadores dentro de los marcos de la m\u00e1quina. Funciona con una potencia nominal de hasta 1,1 kW\/1,5 hp y una tensi\u00f3n nominal de 380 V a 500 V CA. Tambi\u00e9n incorpora la conexi\u00f3n paralela de motores y unidades especiales mediante la relaci\u00f3n de tensi\u00f3n\/frecuencia, la precisi\u00f3n de velocidad est\u00e1tica y el ahorro de energ\u00eda para motores s\u00edncronos de lazo abierto. Cumple con las normas internacionales IEC\/EN 61800-5-1 y IEC\/EN 61800-3 (inmunidad y emisiones CEM conducidas e irradiadas). Tambi\u00e9n cuenta con las certificaciones CE, UL, CSA, NOM, EAC y RCM. Est\u00e1 dise\u00f1ado para montarse en posici\u00f3n vertical (+\/- 10\u00ba) en un panel, gracias a sus 4 orificios de fijaci\u00f3n. Est\u00e1 totalmente integrado en EcoStruxure Machine de Schneider Electric a trav\u00e9s de DTM. Es posible configurar, controlar y diagnosticar variadores ATV320 directamente en el software SoMachine y SoMove con el mismo bloque de software (DTM). Es respetuoso con el medio ambiente y cumple con directivas como RoHS, WEEE, etc. relacionadas con la protecci\u00f3n ambiental.<\/p>\n","protected":false},"excerpt":{"rendered":"<ul>\n<li>Ahorra tiempo y espacio<\/li>\n<li>Menos tiempos de inactividad y costos de mantenimiento<\/li>\n<li>Optimizado para aplicaciones de ventilaci\u00f3n y bombeo: ahorros de energ\u00eda de hasta 30%<\/li>\n<li>La conectividad avanzada reduce su inversi\u00f3n inicial mientras mantiene la flexibilidad en el dise\u00f1o<\/li>\n<li>Control de motores as\u00edncronos y s\u00edncronos, incluyendo motores IE2, IE3 y PM<\/li>\n<li>Rendimiento ambiental del producto<\/li>\n<\/ul>\n","protected":false},"featured_media":663,"comment_status":"open","ping_status":"closed","template":"","meta":{"_et_pb_use_builder":"","_et_pb_old_content":"","_et_gb_content_width":"","_joinchat":[]},"product_brand":[],"product_cat":[42],"product_tag":[69,81],"class_list":{"0":"post-679","1":"product","2":"type-product","3":"status-publish","4":"has-post-thumbnail","6":"product_cat-variadores-schneider","7":"product_tag-schneider","8":"product_tag-variador","10":"first","11":"instock","12":"purchasable","13":"product-type-simple"},"jetpack_sharing_enabled":true,"_links":{"self":[{"href":"https:\/\/amzimportacion.com\/web\/wp-json\/wp\/v2\/product\/679","targetHints":{"allow":["GET"]}}],"collection":[{"href":"https:\/\/amzimportacion.com\/web\/wp-json\/wp\/v2\/product"}],"about":[{"href":"https:\/\/amzimportacion.com\/web\/wp-json\/wp\/v2\/types\/product"}],"replies":[{"embeddable":true,"href":"https:\/\/amzimportacion.com\/web\/wp-json\/wp\/v2\/comments?post=679"}],"wp:featuredmedia":[{"embeddable":true,"href":"https:\/\/amzimportacion.com\/web\/wp-json\/wp\/v2\/media\/663"}],"wp:attachment":[{"href":"https:\/\/amzimportacion.com\/web\/wp-json\/wp\/v2\/media?parent=679"}],"wp:term":[{"taxonomy":"product_brand","embeddable":true,"href":"https:\/\/amzimportacion.com\/web\/wp-json\/wp\/v2\/product_brand?post=679"},{"taxonomy":"product_cat","embeddable":true,"href":"https:\/\/amzimportacion.com\/web\/wp-json\/wp\/v2\/product_cat?post=679"},{"taxonomy":"product_tag","embeddable":true,"href":"https:\/\/amzimportacion.com\/web\/wp-json\/wp\/v2\/product_tag?post=679"}],"curies":[{"name":"wp","href":"https:\/\/api.w.org\/{rel}","templated":true}]}}