{"id":642,"date":"2023-11-14T12:20:18","date_gmt":"2023-11-14T17:20:18","guid":{"rendered":"https:\/\/amzimportacion.com\/web\/?post_type=product&#038;p=642"},"modified":"2023-11-14T14:56:08","modified_gmt":"2023-11-14T19:56:08","slug":"variador-de-velocidad-atv930-30-kw-40-hp-380-480v-con-unidad-de-frenado-ip21","status":"publish","type":"product","link":"https:\/\/amzimportacion.com\/web\/producto\/variador-de-velocidad-atv930-30-kw-40-hp-380-480v-con-unidad-de-frenado-ip21\/","title":{"rendered":"Variador de velocidad ATV930, 30 kW\/ 40 HP, 380&#8230;480V, con unidad de frenado, IP21"},"content":{"rendered":"<p>Este variador de <strong>velocidad Altivar Process ATV900<\/strong> puede alimentar motores s\u00edncronos y as\u00edncronos trif\u00e1sicos.<\/p>\n<p>Es apto para motores con una especificaci\u00f3n de potencia m\u00e1xima de 15 kW\/20 CV para aplicaciones que requieren una sobrecarga ligera (hasta 120%).<\/p>\n<p>Es apto para motores con una especificaci\u00f3n de potencia m\u00e1xima de 11 kW\/15 CV para aplicaciones que requieren una sobrecarga considerable (hasta 150%).<\/p>\n<p>Funciona con una tensi\u00f3n de alimentaci\u00f3n nominal de 380\u00a0V a 480\u00a0V\u00a0CA. Este variador de velocidad\/frecuencia (VSD\/VFD) est\u00e1 dise\u00f1ado espec\u00edficamente para procesos industriales.<\/p>\n<p>En los siguientes segmentos de mercado: oil&amp;amp;gas, miner\u00eda, minerales y metales, alimentaci\u00f3n y bebidas y agua y aguas residuales.<\/p>\n<p>Ofrece un excelente rendimiento en cualquier motor y control total de cualquier tipo de acoplamiento en aplicaciones maestro\/esclavo.<\/p>\n<p>Los servicios de red ayudan a asegurar la continuidad del funcionamiento incluso en caso de fallo de la conexi\u00f3n.<\/p>\n<p>El servidor web y el registro de datos ayudan a reducir los tiempos de parada agilizando la resoluci\u00f3n de problemas y el mantenimiento. Su conectividad avanzada, que incluye EtherNet\/IP y Modbus TCP, permite una integraci\u00f3n profunda en arquitecturas de automatizaci\u00f3n. Est\u00e1 dise\u00f1ado para montarse en posici\u00f3n vertical (+\/-10\u00b0) en una pared.<\/p>\n<div class=\"bullet-item bullet-item--enabled sc-pes-bullet-points\"><\/div>\n<div class=\"bullet-item bullet-item--enabled sc-pes-bullet-points\" data-da-autotest-id=\"#sustainability\">\n<div class=\"bullet-item__icon sc-pes-bullet-points\">\n<ul>\n<li class=\"wrapper icon-family no-hover\"><\/li>\n<\/ul>\n<\/div>\n<\/div>\n","protected":false},"excerpt":{"rendered":"<ul>\n<li>Tablero de medici\u00f3n y energ\u00eda integrado<\/li>\n<li>Monitoreo y control de procesos integrados<\/li>\n<li>Funci\u00f3n Stop and Go para reducir el consumo de energ\u00eda<\/li>\n<li>Monitoreo y protecci\u00f3n de activos<\/li>\n<li>Monitoreo de desv\u00edos<\/li>\n<li>Rendimiento medioambiental del producto<\/li>\n<\/ul>\n","protected":false},"featured_media":725,"comment_status":"open","ping_status":"closed","template":"","meta":{"_et_pb_use_builder":"","_et_pb_old_content":"","_et_gb_content_width":"","_joinchat":[]},"product_brand":[],"product_cat":[42],"product_tag":[69,81],"class_list":{"0":"post-642","1":"product","2":"type-product","3":"status-publish","4":"has-post-thumbnail","6":"product_cat-variadores-schneider","7":"product_tag-schneider","8":"product_tag-variador","10":"first","11":"instock","12":"purchasable","13":"product-type-simple"},"jetpack_sharing_enabled":true,"_links":{"self":[{"href":"https:\/\/amzimportacion.com\/web\/wp-json\/wp\/v2\/product\/642","targetHints":{"allow":["GET"]}}],"collection":[{"href":"https:\/\/amzimportacion.com\/web\/wp-json\/wp\/v2\/product"}],"about":[{"href":"https:\/\/amzimportacion.com\/web\/wp-json\/wp\/v2\/types\/product"}],"replies":[{"embeddable":true,"href":"https:\/\/amzimportacion.com\/web\/wp-json\/wp\/v2\/comments?post=642"}],"wp:featuredmedia":[{"embeddable":true,"href":"https:\/\/amzimportacion.com\/web\/wp-json\/wp\/v2\/media\/725"}],"wp:attachment":[{"href":"https:\/\/amzimportacion.com\/web\/wp-json\/wp\/v2\/media?parent=642"}],"wp:term":[{"taxonomy":"product_brand","embeddable":true,"href":"https:\/\/amzimportacion.com\/web\/wp-json\/wp\/v2\/product_brand?post=642"},{"taxonomy":"product_cat","embeddable":true,"href":"https:\/\/amzimportacion.com\/web\/wp-json\/wp\/v2\/product_cat?post=642"},{"taxonomy":"product_tag","embeddable":true,"href":"https:\/\/amzimportacion.com\/web\/wp-json\/wp\/v2\/product_tag?post=642"}],"curies":[{"name":"wp","href":"https:\/\/api.w.org\/{rel}","templated":true}]}}