{"id":609,"date":"2023-11-14T10:55:48","date_gmt":"2023-11-14T15:55:48","guid":{"rendered":"https:\/\/amzimportacion.com\/web\/?post_type=product&#038;p=609"},"modified":"2025-12-01T12:22:46","modified_gmt":"2025-12-01T17:22:46","slug":"altivar-process-atv600-variador-de-velocidad-atv630-37-kw-50-hp-380-480-v-ip21-ul-tipo-1","status":"publish","type":"product","link":"https:\/\/amzimportacion.com\/web\/producto\/altivar-process-atv600-variador-de-velocidad-atv630-37-kw-50-hp-380-480-v-ip21-ul-tipo-1\/","title":{"rendered":"Variador de velocidad ATV630 &#8211; 55 kW\/75 HP &#8211; 380&#8230;480 V &#8211; IP21\/UL Tipo 1"},"content":{"rendered":"<div class=\"bullet-item bullet-item--enabled sc-pes-bullet-points\">\n<ul>\n<li class=\"bullet-item__label sc-pes-bullet-points\">Tablero de medici\u00f3n y energ\u00eda integrado<\/li>\n<\/ul>\n<\/div>\n<div class=\"bullet-item bullet-item--enabled sc-pes-bullet-points\">\n<div class=\"bullet-item__icon sc-pes-bullet-points\">\n<ul>\n<li class=\"wrapper icon-family no-hover\">Monitoreo y control de procesos integrados<\/li>\n<\/ul>\n<\/div>\n<\/div>\n<div class=\"bullet-item bullet-item--enabled sc-pes-bullet-points\">\n<div class=\"bullet-item__icon sc-pes-bullet-points\">\n<ul>\n<li class=\"wrapper icon-family no-hover\">Funci\u00f3n Stop and Go para reducir el consumo de energ\u00eda<\/li>\n<\/ul>\n<\/div>\n<\/div>\n<div class=\"bullet-item bullet-item--enabled sc-pes-bullet-points\">\n<div class=\"bullet-item__icon sc-pes-bullet-points\">\n<ul>\n<li class=\"wrapper icon-family no-hover\">Monitoreo y protecci\u00f3n de activos<\/li>\n<\/ul>\n<\/div>\n<\/div>\n<div class=\"bullet-item bullet-item--enabled sc-pes-bullet-points\">\n<div class=\"bullet-item__icon sc-pes-bullet-points\">\n<ul>\n<li class=\"wrapper icon-family no-hover\">Monitoreo de desv\u00edos<\/li>\n<\/ul>\n<\/div>\n<\/div>\n<div class=\"bullet-item bullet-item--enabled sc-pes-bullet-points\" data-da-autotest-id=\"#sustainability\">\n<div class=\"bullet-item__icon sc-pes-bullet-points\">\n<ul>\n<li class=\"wrapper icon-family no-hover\">Rendimiento medioambiental del producto<\/li>\n<\/ul>\n<\/div>\n<\/div>\n","protected":false},"excerpt":{"rendered":"<p>Este variador de velocidad Altivar Process ATV600 puede alimentar motores de potencia s\u00edncronos y as\u00edncronos de 3 fases. Incluye 3 puertos de comunicaci\u00f3n RJ45 integrados, 1 puerto Ethernet y 2 puertos serie. Funciona con una tensi\u00f3n de alimentaci\u00f3n nominal de 200V a 240V CA. Este variador proporciona hasta un 30% de ahorro de energ\u00eda cuando est\u00e1 en espera debido a la innovadora operaci\u00f3n \u00abDetener y Seguir\u00bb sin costes adicionales. Es adecuado para motores con una potencia nominal de hasta 0,75 kW\/1 hp para aplicaciones que requieren una sobrecarga ligera (de hasta 120 %). Es adecuado para motores con una potencia nominal de hasta 0,37 kW\/0,5 hp para aplicaciones que requieren una sobrecarga significativa (hasta 150 %). Pesa 4,3kg y sus dimensiones son: 144mm de ancho, 350mm de alto, 203mm de profundidad. Este variador se centra en el procesamiento de la gesti\u00f3n de fluidos y el ahorro de energ\u00eda, y ofrece una amplia flexibilidad en aplicaciones de agua y aguas residuales, miner\u00eda, minerales y metales, petr\u00f3leo y gas, alimentaci\u00f3n y bebidas. Est\u00e1 dise\u00f1ado para montarse en posici\u00f3n vertical (+\/- 10 \u00b0) en una pared.<\/p>\n","protected":false},"featured_media":459,"comment_status":"open","ping_status":"closed","template":"","meta":{"_et_pb_use_builder":"","_et_pb_old_content":"","_et_gb_content_width":"","_joinchat":[]},"product_brand":[],"product_cat":[42],"product_tag":[69,80],"class_list":{"0":"post-609","1":"product","2":"type-product","3":"status-publish","4":"has-post-thumbnail","6":"product_cat-variadores-schneider","7":"product_tag-schneider","8":"product_tag-variadores","10":"first","11":"instock","12":"shipping-taxable","13":"product-type-simple"},"jetpack_sharing_enabled":true,"_links":{"self":[{"href":"https:\/\/amzimportacion.com\/web\/wp-json\/wp\/v2\/product\/609","targetHints":{"allow":["GET"]}}],"collection":[{"href":"https:\/\/amzimportacion.com\/web\/wp-json\/wp\/v2\/product"}],"about":[{"href":"https:\/\/amzimportacion.com\/web\/wp-json\/wp\/v2\/types\/product"}],"replies":[{"embeddable":true,"href":"https:\/\/amzimportacion.com\/web\/wp-json\/wp\/v2\/comments?post=609"}],"wp:featuredmedia":[{"embeddable":true,"href":"https:\/\/amzimportacion.com\/web\/wp-json\/wp\/v2\/media\/459"}],"wp:attachment":[{"href":"https:\/\/amzimportacion.com\/web\/wp-json\/wp\/v2\/media?parent=609"}],"wp:term":[{"taxonomy":"product_brand","embeddable":true,"href":"https:\/\/amzimportacion.com\/web\/wp-json\/wp\/v2\/product_brand?post=609"},{"taxonomy":"product_cat","embeddable":true,"href":"https:\/\/amzimportacion.com\/web\/wp-json\/wp\/v2\/product_cat?post=609"},{"taxonomy":"product_tag","embeddable":true,"href":"https:\/\/amzimportacion.com\/web\/wp-json\/wp\/v2\/product_tag?post=609"}],"curies":[{"name":"wp","href":"https:\/\/api.w.org\/{rel}","templated":true}]}}