{"id":525,"date":"2023-11-10T12:37:54","date_gmt":"2023-11-10T17:37:54","guid":{"rendered":"https:\/\/amzimportacion.com\/web\/?post_type=product&#038;p=525"},"modified":"2023-11-10T14:31:55","modified_gmt":"2023-11-10T19:31:55","slug":"apc-srv","status":"publish","type":"product","link":"https:\/\/amzimportacion.com\/web\/producto\/apc-srv\/","title":{"rendered":"APC SRV"},"content":{"rendered":"<p>El SRV viene con entrada IEC 320 C20, 6x IEC 320 C13 y 1x enchufes IEC 320 C19. El SAI en l\u00ednea tiene una ranura de tarjeta inteligente para la tarjeta de administraci\u00f3n de red opcional (AP9544, SRVSMB001, VGL9601l) que permite la supervisi\u00f3n y administraci\u00f3n de SAI basadas en red.<\/p>\n","protected":false},"excerpt":{"rendered":"<p>Mayor disponibilidad. Reducci\u00f3n de costos operativos. Protecci\u00f3n el\u00e9ctrica de primera clase para infraestructura cr\u00edtica.<\/p>\n","protected":false},"featured_media":524,"comment_status":"open","ping_status":"closed","template":"","meta":{"_et_pb_use_builder":"","_et_pb_old_content":"","_et_gb_content_width":"","_joinchat":[]},"product_brand":[],"product_cat":[59],"product_tag":[83,69,82],"class_list":{"0":"post-525","1":"product","2":"type-product","3":"status-publish","4":"has-post-thumbnail","6":"product_cat-sistema-de-alimentacion-ininterrumpidas-ups","7":"product_tag-apc","8":"product_tag-schneider","9":"product_tag-ups","11":"first","12":"instock","13":"shipping-taxable","14":"purchasable","15":"product-type-simple"},"jetpack_sharing_enabled":true,"_links":{"self":[{"href":"https:\/\/amzimportacion.com\/web\/wp-json\/wp\/v2\/product\/525","targetHints":{"allow":["GET"]}}],"collection":[{"href":"https:\/\/amzimportacion.com\/web\/wp-json\/wp\/v2\/product"}],"about":[{"href":"https:\/\/amzimportacion.com\/web\/wp-json\/wp\/v2\/types\/product"}],"replies":[{"embeddable":true,"href":"https:\/\/amzimportacion.com\/web\/wp-json\/wp\/v2\/comments?post=525"}],"wp:featuredmedia":[{"embeddable":true,"href":"https:\/\/amzimportacion.com\/web\/wp-json\/wp\/v2\/media\/524"}],"wp:attachment":[{"href":"https:\/\/amzimportacion.com\/web\/wp-json\/wp\/v2\/media?parent=525"}],"wp:term":[{"taxonomy":"product_brand","embeddable":true,"href":"https:\/\/amzimportacion.com\/web\/wp-json\/wp\/v2\/product_brand?post=525"},{"taxonomy":"product_cat","embeddable":true,"href":"https:\/\/amzimportacion.com\/web\/wp-json\/wp\/v2\/product_cat?post=525"},{"taxonomy":"product_tag","embeddable":true,"href":"https:\/\/amzimportacion.com\/web\/wp-json\/wp\/v2\/product_tag?post=525"}],"curies":[{"name":"wp","href":"https:\/\/api.w.org\/{rel}","templated":true}]}}