{"id":522,"date":"2023-11-10T12:30:33","date_gmt":"2023-11-10T17:30:33","guid":{"rendered":"https:\/\/amzimportacion.com\/web\/?post_type=product&#038;p=522"},"modified":"2023-11-10T14:33:49","modified_gmt":"2023-11-10T19:33:49","slug":"apc-easy-ups-srt","status":"publish","type":"product","link":"https:\/\/amzimportacion.com\/web\/producto\/apc-easy-ups-srt\/","title":{"rendered":"APC Easy UPS SRT"},"content":{"rendered":"<p>Var\u00eda desde 650VA hasta 3000VA.<br \/>\nproporcionan una autonom\u00eda de entre 5 y 20 minutos<br \/>\nEficiencia hasta un 96%.<br \/>\nSectores el\u00e9ctricos recomendados variedad de sectores, entre ellos la peque\u00f1a industria, oficinas peque\u00f1as y medianas y los hospitales.<\/p>\n","protected":false},"excerpt":{"rendered":"<p>Mayor disponibilidad. Reducci\u00f3n de costos operativos. Protecci\u00f3n el\u00e9ctrica de primera clase para infraestructura cr\u00edtica.<\/p>\n","protected":false},"featured_media":523,"comment_status":"open","ping_status":"closed","template":"","meta":{"_et_pb_use_builder":"","_et_pb_old_content":"","_et_gb_content_width":"","_joinchat":[]},"product_brand":[],"product_cat":[59],"product_tag":[83,69,82],"class_list":{"0":"post-522","1":"product","2":"type-product","3":"status-publish","4":"has-post-thumbnail","6":"product_cat-sistema-de-alimentacion-ininterrumpidas-ups","7":"product_tag-apc","8":"product_tag-schneider","9":"product_tag-ups","11":"first","12":"instock","13":"shipping-taxable","14":"purchasable","15":"product-type-simple"},"jetpack_sharing_enabled":true,"_links":{"self":[{"href":"https:\/\/amzimportacion.com\/web\/wp-json\/wp\/v2\/product\/522","targetHints":{"allow":["GET"]}}],"collection":[{"href":"https:\/\/amzimportacion.com\/web\/wp-json\/wp\/v2\/product"}],"about":[{"href":"https:\/\/amzimportacion.com\/web\/wp-json\/wp\/v2\/types\/product"}],"replies":[{"embeddable":true,"href":"https:\/\/amzimportacion.com\/web\/wp-json\/wp\/v2\/comments?post=522"}],"wp:featuredmedia":[{"embeddable":true,"href":"https:\/\/amzimportacion.com\/web\/wp-json\/wp\/v2\/media\/523"}],"wp:attachment":[{"href":"https:\/\/amzimportacion.com\/web\/wp-json\/wp\/v2\/media?parent=522"}],"wp:term":[{"taxonomy":"product_brand","embeddable":true,"href":"https:\/\/amzimportacion.com\/web\/wp-json\/wp\/v2\/product_brand?post=522"},{"taxonomy":"product_cat","embeddable":true,"href":"https:\/\/amzimportacion.com\/web\/wp-json\/wp\/v2\/product_cat?post=522"},{"taxonomy":"product_tag","embeddable":true,"href":"https:\/\/amzimportacion.com\/web\/wp-json\/wp\/v2\/product_tag?post=522"}],"curies":[{"name":"wp","href":"https:\/\/api.w.org\/{rel}","templated":true}]}}