{"id":515,"date":"2023-11-10T12:18:40","date_gmt":"2023-11-10T17:18:40","guid":{"rendered":"https:\/\/amzimportacion.com\/web\/?post_type=product&#038;p=515"},"modified":"2023-11-10T12:25:28","modified_gmt":"2023-11-10T17:25:28","slug":"ups-easy-3l","status":"publish","type":"product","link":"https:\/\/amzimportacion.com\/web\/producto\/ups-easy-3l\/","title":{"rendered":"UPS EASY 3S"},"content":{"rendered":"<p>Capacidad de carga nominal: desde 10 kVA hasta 40 kVA.<br \/>\nEficiencia: hasta el 96,5%.<br \/>\nSectores el\u00e9ctricos recomendados: aplicaciones comerciales y peque\u00f1os centros de datos.<\/p>\n","protected":false},"excerpt":{"rendered":"<p>Mayor disponibilidad. Reducci\u00f3n de costos operativos. Protecci\u00f3n el\u00e9ctrica de primera clase para infraestructura cr\u00edtica.<\/p>\n","protected":false},"featured_media":518,"comment_status":"open","ping_status":"closed","template":"","meta":{"_et_pb_use_builder":"","_et_pb_old_content":"","_et_gb_content_width":"","_joinchat":[]},"product_brand":[],"product_cat":[59],"product_tag":[83,69,82],"class_list":{"0":"post-515","1":"product","2":"type-product","3":"status-publish","4":"has-post-thumbnail","6":"product_cat-sistema-de-alimentacion-ininterrumpidas-ups","7":"product_tag-apc","8":"product_tag-schneider","9":"product_tag-ups","11":"first","12":"instock","13":"shipping-taxable","14":"product-type-simple"},"jetpack_sharing_enabled":true,"_links":{"self":[{"href":"https:\/\/amzimportacion.com\/web\/wp-json\/wp\/v2\/product\/515","targetHints":{"allow":["GET"]}}],"collection":[{"href":"https:\/\/amzimportacion.com\/web\/wp-json\/wp\/v2\/product"}],"about":[{"href":"https:\/\/amzimportacion.com\/web\/wp-json\/wp\/v2\/types\/product"}],"replies":[{"embeddable":true,"href":"https:\/\/amzimportacion.com\/web\/wp-json\/wp\/v2\/comments?post=515"}],"wp:featuredmedia":[{"embeddable":true,"href":"https:\/\/amzimportacion.com\/web\/wp-json\/wp\/v2\/media\/518"}],"wp:attachment":[{"href":"https:\/\/amzimportacion.com\/web\/wp-json\/wp\/v2\/media?parent=515"}],"wp:term":[{"taxonomy":"product_brand","embeddable":true,"href":"https:\/\/amzimportacion.com\/web\/wp-json\/wp\/v2\/product_brand?post=515"},{"taxonomy":"product_cat","embeddable":true,"href":"https:\/\/amzimportacion.com\/web\/wp-json\/wp\/v2\/product_cat?post=515"},{"taxonomy":"product_tag","embeddable":true,"href":"https:\/\/amzimportacion.com\/web\/wp-json\/wp\/v2\/product_tag?post=515"}],"curies":[{"name":"wp","href":"https:\/\/api.w.org\/{rel}","templated":true}]}}