{"id":465,"date":"2023-11-10T10:13:36","date_gmt":"2023-11-10T15:13:36","guid":{"rendered":"https:\/\/amzimportacion.com\/web\/?post_type=product&#038;p=465"},"modified":"2025-12-01T12:32:07","modified_gmt":"2025-12-01T17:32:07","slug":"hembra-volante-x30-cuerpo-apernado","status":"publish","type":"product","link":"https:\/\/amzimportacion.com\/web\/producto\/hembra-volante-x30-cuerpo-apernado\/","title":{"rendered":"CONECTOR HEMBRA EMPOTRABLE  X30 CUERPO APERNADO"},"content":{"rendered":"<ul>\n<li>El conector esta\u0301 fabricado en aluminio. El sistema de uni\u00f3n entre machos y hembras es mediante pernos.<\/li>\n<li>Tres contactos de fase fabricados en cobre, una tierra y uno de control.<\/li>\n<li>El conector tiene empaquetaduras en todas las zonas de uni\u00f3n met\u00e1lica para asegurar una protecci\u00f3n IP65.<\/li>\n<li>La aislaci\u00f3n est\u00e1 fabricada en poliamida categor\u00eda V0 con 30% de fibra de vidrio.<\/li>\n<li>Los contactos fijan el conductor mediante dos.<\/li>\n<\/ul>\n<p><strong>Rendimiento excepcional<\/strong><br \/>\nLos conectores X30 han sido dise\u00f1ados con los m\u00e1s altos est\u00e1ndares de calidad para garantizar un rendimiento excepcional en todo momento. Su dise\u00f1o preciso y materiales de primera clase aseguran una conexi\u00f3n segura y estable.<\/p>\n<p><strong>Versatilidad<\/strong><br \/>\nLos conectores X30 son incre\u00edblemente vers\u00e1tiles y se adaptan a una amplia gama de aplicaciones. Ya sea que necesites conectar componentes electr\u00f3nicos, sistemas de iluminaci\u00f3n, equipos m\u00e9dicos o cualquier otra cosa, estos conectores son la elecci\u00f3n perfecta.<\/p>\n<p><strong>Facilidad de uso<\/strong><br \/>\nNuestros conectores X30 est\u00e1n dise\u00f1ados pensando en la comodidad del usuario. Su mecanismo de conexi\u00f3n y desconexi\u00f3n facilita la instalaci\u00f3n y el mantenimiento, lo que ahorra tiempo y esfuerzo.<\/p>\n<p><strong>Durabilidad<\/strong><br \/>\nEntendemos lo importante que es la durabilidad en tus proyectos. Por eso, los conectores X30 est\u00e1n fabricados con materiales resistentes que garantizan una larga vida \u00fatil, incluso en entornos adversos.<\/p>\n<p><strong>Seguridad<\/strong><br \/>\nLa seguridad es nuestra prioridad. Los conectores <strong>X30 de W\u00fcnkhaus<\/strong> cumplen con todas las normas y regulaciones internacionales para garantizar un funcionamiento seguro y confiable.<\/p>\n","protected":false},"excerpt":{"rendered":"<p>La l\u00ednea <strong>X30<\/strong> es un complemento a los diferentes conectores fabricados por <strong>W\u00fcnkhaus<\/strong>.<br \/>\nEst\u00e1 compuesta por unidades machos y hembras con una capacidad m\u00e1xima de 400 amperes y una tensi\u00f3n m\u00e1xima de operaci\u00f3n de 2000 volts.<br \/>\nExcelente desempe\u00f1o al incorporar <strong>protecci\u00f3n IP 65<\/strong> en todas las partes del cuerpo <span style=\"color: #666699;\"><strong>fabricadas en aluminio<\/strong>.<\/span><\/p>\n","protected":false},"featured_media":476,"comment_status":"open","ping_status":"closed","template":"","meta":{"_et_pb_use_builder":"","_et_pb_old_content":"","_et_gb_content_width":"","_joinchat":[]},"product_brand":[],"product_cat":[74],"product_tag":[75,76],"class_list":{"0":"post-465","1":"product","2":"type-product","3":"status-publish","4":"has-post-thumbnail","6":"product_cat-tomas-industriales","7":"product_tag-conector","8":"product_tag-whunkhaus","10":"first","11":"instock","12":"shipping-taxable","13":"product-type-simple"},"jetpack_sharing_enabled":true,"_links":{"self":[{"href":"https:\/\/amzimportacion.com\/web\/wp-json\/wp\/v2\/product\/465","targetHints":{"allow":["GET"]}}],"collection":[{"href":"https:\/\/amzimportacion.com\/web\/wp-json\/wp\/v2\/product"}],"about":[{"href":"https:\/\/amzimportacion.com\/web\/wp-json\/wp\/v2\/types\/product"}],"replies":[{"embeddable":true,"href":"https:\/\/amzimportacion.com\/web\/wp-json\/wp\/v2\/comments?post=465"}],"wp:featuredmedia":[{"embeddable":true,"href":"https:\/\/amzimportacion.com\/web\/wp-json\/wp\/v2\/media\/476"}],"wp:attachment":[{"href":"https:\/\/amzimportacion.com\/web\/wp-json\/wp\/v2\/media?parent=465"}],"wp:term":[{"taxonomy":"product_brand","embeddable":true,"href":"https:\/\/amzimportacion.com\/web\/wp-json\/wp\/v2\/product_brand?post=465"},{"taxonomy":"product_cat","embeddable":true,"href":"https:\/\/amzimportacion.com\/web\/wp-json\/wp\/v2\/product_cat?post=465"},{"taxonomy":"product_tag","embeddable":true,"href":"https:\/\/amzimportacion.com\/web\/wp-json\/wp\/v2\/product_tag?post=465"}],"curies":[{"name":"wp","href":"https:\/\/api.w.org\/{rel}","templated":true}]}}