{"id":168,"date":"2023-09-13T17:52:50","date_gmt":"2023-09-13T17:52:50","guid":{"rendered":"https:\/\/amzimportacion.com\/web\/?post_type=product&#038;p=168"},"modified":"2025-12-01T12:32:07","modified_gmt":"2025-12-01T17:32:07","slug":"rele-programable-inteligente-zelio-8-entradas-4-salidas-con-reloj-240v-ac-con-pantalla","status":"publish","type":"product","link":"https:\/\/amzimportacion.com\/web\/producto\/rele-programable-inteligente-zelio-8-entradas-4-salidas-con-reloj-240v-ac-con-pantalla\/","title":{"rendered":"Rel\u00e9 programable inteligente Zelio \u2013 8 entradas \u2013 4 salidas \u2013 con reloj \u2013 240V AC \u2013 con pantalla"},"content":{"rendered":"<p>Este producto forma parte del m\u00f3dulo l\u00f3gico: Zelio Logic SR2\/SR3, una oferta de sistemas de automatizaci\u00f3n simples de 10 a 40 E\/S. Este paquete de descubrimiento modular Zelio Logic incluye 12 E\/S, visualizaci\u00f3n local, 120 con diagrama de contactos y 0 a 200 con diagrama de programaci\u00f3n FBD. Se trata de un m\u00f3dulo l\u00f3gico con una tensi\u00f3n de alimentaci\u00f3n nominal de 100 a 240 VCA y un tiempo de ciclo de 6 ms a 90 ms. Ofrece 8 entradas binarias con una tensi\u00f3n de 100 a 240 VCA y 4 salidas de rel\u00e9 de 24 V a 250 VCA y de 5 V a 30 VCC. Es un producto IP20 y IP40. Pesa 0,7kg. La aplicaci\u00f3n principal de este m\u00f3dulo es la industria y el sector de edificios\/servicios. Este producto est\u00e1 certificado por C-Tick, GL, UL, CSA y GOST. Cumple las normas EN\/IEC 60068-2-6 Fc y EN\/IEC 61000-4-11. Zelio Logic es f\u00e1cil de usar y ofrece soluciones alternativas reales basadas en l\u00f3gica cableada o tarjetas espec\u00edficas.<\/p>\n","protected":false},"excerpt":{"rendered":"<ul>\n<li>Ofrece alrededor de 5,00,000 ciclos de durabilidad el\u00e9ctrica<\/li>\n<li>Programaci\u00f3n simple de escalera, adaptada para no especialistas<\/li>\n<li>Amplio rango de temperatura de funcionamiento de -20\u00b0C a 55\u00b0C<\/li>\n<li>Rendimiento ambiental del producto<\/li>\n<\/ul>\n","protected":false},"featured_media":706,"comment_status":"open","ping_status":"closed","template":"","meta":{"_et_pb_use_builder":"","_et_pb_old_content":"","_et_gb_content_width":"","_joinchat":[]},"product_brand":[],"product_cat":[41],"product_tag":[98,69],"class_list":{"0":"post-168","1":"product","2":"type-product","3":"status-publish","4":"has-post-thumbnail","6":"product_cat-automatizacion-de-maquinas-y-procesos","7":"product_tag-rele","8":"product_tag-schneider","10":"first","11":"instock","12":"featured","13":"shipping-taxable","14":"product-type-simple"},"jetpack_sharing_enabled":true,"_links":{"self":[{"href":"https:\/\/amzimportacion.com\/web\/wp-json\/wp\/v2\/product\/168","targetHints":{"allow":["GET"]}}],"collection":[{"href":"https:\/\/amzimportacion.com\/web\/wp-json\/wp\/v2\/product"}],"about":[{"href":"https:\/\/amzimportacion.com\/web\/wp-json\/wp\/v2\/types\/product"}],"replies":[{"embeddable":true,"href":"https:\/\/amzimportacion.com\/web\/wp-json\/wp\/v2\/comments?post=168"}],"wp:featuredmedia":[{"embeddable":true,"href":"https:\/\/amzimportacion.com\/web\/wp-json\/wp\/v2\/media\/706"}],"wp:attachment":[{"href":"https:\/\/amzimportacion.com\/web\/wp-json\/wp\/v2\/media?parent=168"}],"wp:term":[{"taxonomy":"product_brand","embeddable":true,"href":"https:\/\/amzimportacion.com\/web\/wp-json\/wp\/v2\/product_brand?post=168"},{"taxonomy":"product_cat","embeddable":true,"href":"https:\/\/amzimportacion.com\/web\/wp-json\/wp\/v2\/product_cat?post=168"},{"taxonomy":"product_tag","embeddable":true,"href":"https:\/\/amzimportacion.com\/web\/wp-json\/wp\/v2\/product_tag?post=168"}],"curies":[{"name":"wp","href":"https:\/\/api.w.org\/{rel}","templated":true}]}}